{"id":519,"date":"2019-02-02T16:21:16","date_gmt":"2019-02-02T16:21:16","guid":{"rendered":"http:\/\/fudokan.si\/?page_id=519"},"modified":"2025-11-10T15:55:43","modified_gmt":"2025-11-10T15:55:43","slug":"fudokan-liga-slovenije-2019","status":"publish","type":"page","link":"https:\/\/fudokan.si\/?page_id=519","title":{"rendered":"FUDOKAN LIGA SLOVENIJE"},"content":{"rendered":"\n<div class=\"wp-block-file\"><a href=\"http:\/\/fudokan.si\/wp-content\/uploads\/2020\/01\/Fudokan-Liga.docx\">Fudokan-Liga<\/a><a href=\"http:\/\/fudokan.si\/wp-content\/uploads\/2020\/01\/Fudokan-Liga.docx\" class=\"wp-block-file__button wp-element-button\" download>Download<\/a><\/div>\n\n\n<div class=\"wp-block-image\">\n<figure class=\"aligncenter size-large is-resized\"><img loading=\"lazy\" decoding=\"async\" width=\"1024\" height=\"393\" src=\"http:\/\/fudokan.si\/wp-content\/uploads\/2023\/05\/cropped-A2-1-2-1024x393.jpg\" alt=\"\" class=\"wp-image-2143\" style=\"width:1144px;height:auto\" srcset=\"https:\/\/fudokan.si\/wp-content\/uploads\/2023\/05\/cropped-A2-1-2-1024x393.jpg 1024w, https:\/\/fudokan.si\/wp-content\/uploads\/2023\/05\/cropped-A2-1-2-300x115.jpg 300w, https:\/\/fudokan.si\/wp-content\/uploads\/2023\/05\/cropped-A2-1-2-768x295.jpg 768w, https:\/\/fudokan.si\/wp-content\/uploads\/2023\/05\/cropped-A2-1-2-1140x438.jpg 1140w, https:\/\/fudokan.si\/wp-content\/uploads\/2023\/05\/cropped-A2-1-2.jpg 1500w\" sizes=\"(max-width: 1024px) 100vw, 1024px\" \/><\/figure><\/div>\n\n\n<p class=\"has-text-align-center\">Fudokan Liga Slovenije poteka 2x letno. Lige se lahko udele\u017ei vsak, ki ima znanje Fudokan kat ter ostalih Fudokan kategorij. Tekmovalci do 14 let prika\u017eejo dve Fudokan kati ter nastopajo v kategorijah Kihon Ippon Kumite, Jiyu Ippon kumite ali Jiyu kumite. Tekmovalci nad 14 let izvajajo \u0161olsko Fudokan kato, mojstrsko Fudokan kato ter kato Kittei Higashiyama sensei , vsi izvajajo Jiyu kumite. Tekmovalec po starostnih kategoriji zbira to\u010dke. Zmagovalec Fudokan lige je tisti, ki zbere najve\u010d to\u010dk.<\/p>\n\n\n\n<p><\/p>\n\n\n\n<p class=\"has-text-align-center\">Fudokan liga je ustvarjena z namenom, da se ohranja in razvija \u0161ola WFF &#8211; Fudokan pod okriljem in razvojem velemojstra Soke Ilije Jorga 10.dan.<\/p>\n\n\n<div class=\"wp-block-image\">\n<figure class=\"aligncenter size-large\"><img loading=\"lazy\" decoding=\"async\" width=\"1024\" height=\"397\" src=\"https:\/\/fudokan.si\/wp-content\/uploads\/2025\/11\/577761355_3125692464285306_8387366586076745465_n-1024x397.jpg\" alt=\"\" class=\"wp-image-2452\" srcset=\"https:\/\/fudokan.si\/wp-content\/uploads\/2025\/11\/577761355_3125692464285306_8387366586076745465_n-1024x397.jpg 1024w, https:\/\/fudokan.si\/wp-content\/uploads\/2025\/11\/577761355_3125692464285306_8387366586076745465_n-300x116.jpg 300w, https:\/\/fudokan.si\/wp-content\/uploads\/2025\/11\/577761355_3125692464285306_8387366586076745465_n-768x298.jpg 768w, https:\/\/fudokan.si\/wp-content\/uploads\/2025\/11\/577761355_3125692464285306_8387366586076745465_n-1536x596.jpg 1536w, https:\/\/fudokan.si\/wp-content\/uploads\/2025\/11\/577761355_3125692464285306_8387366586076745465_n-1140x442.jpg 1140w, https:\/\/fudokan.si\/wp-content\/uploads\/2025\/11\/577761355_3125692464285306_8387366586076745465_n.jpg 1681w\" sizes=\"(max-width: 1024px) 100vw, 1024px\" \/><\/figure><\/div>","protected":false},"excerpt":{"rendered":"<p>Fudokan Liga Slovenije poteka 2x letno. Lige se lahko udele\u017ei vsak, ki ima znanje Fudokan kat ter ostalih Fudokan kategorij. Tekmovalci do 14 let prika\u017eejo dve Fudokan kati ter nastopajo v kategorijah Kihon Ippon Kumite, Jiyu Ippon kumite ali Jiyu kumite. Tekmovalci nad 14 let izvajajo \u0161olsko Fudokan kato, mojstrsko Fudokan kato ter kato Kittei [&hellip;]<\/p>\n","protected":false},"author":2,"featured_media":798,"parent":22,"menu_order":5,"comment_status":"closed","ping_status":"closed","template":"page-templates\/full-width.php","meta":{"footnotes":""},"_links":{"self":[{"href":"https:\/\/fudokan.si\/index.php?rest_route=\/wp\/v2\/pages\/519"}],"collection":[{"href":"https:\/\/fudokan.si\/index.php?rest_route=\/wp\/v2\/pages"}],"about":[{"href":"https:\/\/fudokan.si\/index.php?rest_route=\/wp\/v2\/types\/page"}],"author":[{"embeddable":true,"href":"https:\/\/fudokan.si\/index.php?rest_route=\/wp\/v2\/users\/2"}],"replies":[{"embeddable":true,"href":"https:\/\/fudokan.si\/index.php?rest_route=%2Fwp%2Fv2%2Fcomments&post=519"}],"version-history":[{"count":14,"href":"https:\/\/fudokan.si\/index.php?rest_route=\/wp\/v2\/pages\/519\/revisions"}],"predecessor-version":[{"id":2453,"href":"https:\/\/fudokan.si\/index.php?rest_route=\/wp\/v2\/pages\/519\/revisions\/2453"}],"up":[{"embeddable":true,"href":"https:\/\/fudokan.si\/index.php?rest_route=\/wp\/v2\/pages\/22"}],"wp:featuredmedia":[{"embeddable":true,"href":"https:\/\/fudokan.si\/index.php?rest_route=\/wp\/v2\/media\/798"}],"wp:attachment":[{"href":"https:\/\/fudokan.si\/index.php?rest_route=%2Fwp%2Fv2%2Fmedia&parent=519"}],"curies":[{"name":"wp","href":"https:\/\/api.w.org\/{rel}","templated":true}]}}