{"id":45,"date":"2016-01-17T12:48:00","date_gmt":"2016-01-17T12:48:00","guid":{"rendered":"http:\/\/fudokan.si\/?page_id=45"},"modified":"2024-06-05T10:58:56","modified_gmt":"2024-06-05T10:58:56","slug":"velemojster-prof-dr-ilija-jorga","status":"publish","type":"page","link":"https:\/\/fudokan.si\/?page_id=45","title":{"rendered":"Velemojster Prof.Dr.Ilija Jorga"},"content":{"rendered":"<p><a href=\"http:\/\/www.fudokaninfo.com\/autobiography\">Prof.Dr.Ilija Jorga- WFF<\/a><\/p>\n<p>&nbsp;<\/p>\n<p>&nbsp;<\/p>\n<p style=\"text-align: center;\"><a href=\"http:\/\/fudokan.si\/wp-content\/uploads\/2016\/01\/52ec432984431.jpg\"><img loading=\"lazy\" decoding=\"async\" class=\"size-full wp-image-87 aligncenter\" src=\"http:\/\/fudokan.si\/wp-content\/uploads\/2016\/01\/52ec432984431.jpg\" alt=\"\" width=\"645\" height=\"344\" srcset=\"https:\/\/fudokan.si\/wp-content\/uploads\/2016\/01\/52ec432984431.jpg 645w, https:\/\/fudokan.si\/wp-content\/uploads\/2016\/01\/52ec432984431-300x160.jpg 300w\" sizes=\"(max-width: 645px) 100vw, 645px\" \/><\/a><\/p>\n<p><a href=\"https:\/\/fudokansport.com\/founder\/\">https:\/\/fudokansport.com\/founder\/<\/a><br \/>Rojen 15. November 1941<br \/>Beograd, Jugoslavija<br \/>Fudokan borilna ve\u0161\u010dina, Shotokan<br \/>U\u010ditelji: Tetsuji Murakami, Taiji Kase, Hidetaka Nihiyama<br \/>Naziv: Soke 10.dan \u010drni pas<\/p>\n<p>Dr.I Jorga, univerzitetni profesor, doktor medicine \u0161porta, ustanovitelj stila karateja Fudokan 1980 skupaj s prijateljem Taiji Kase in bratom Vladimirirjem. Pionir karateja SFR Jugoslavije, najbolj\u0161i Jugoslovanski karate in\u0161truktor (Soke 10. Dan).<\/p>\n<p>Redni profesor za fiziologijo, Medicinska fakulteta v Beogradu v pokoju.<br \/>Vsebina<\/p>\n<p>1. \u017divljenjepis<br \/>1,1 Napredek pri pasovih<br \/>1.1.1 \u0160portnik, trener in selektor<br \/>2 Ustanovitev Fudokana<br \/>3 Zasebno \u017eivljenje<br \/>4 Viri<br \/>5 Zunanje povezave<\/p>\n<p>Karatek \u017divljenjepis<\/p>\n<p>Profesor Dr Jorga je za\u010del z karatejem leta 1959. Njegov prvi u\u010ditelj je bil njegov starej\u0161i brat prof. Vladimir Jorga, kasneje sobili njegovi u\u010ditelji : Tetsuji Murakami, Hidetaka Nishiyama ter Taiji Kase<br \/>Pasovi:<\/p>\n<p>1967 \u010drni pas 1. dan (Shodan) Tetsuji Murakami<br \/>1968 \u010drni pas 2. dan (Nidan) Taiji Kase<br \/>1971 \u010drn pas 3. dan (Sandan) Taiji Kase<br \/>1975 \u010drni pas 4. dan (Jodan) Taiji Kase<br \/>1978 \u010drni pas 5. dan (godan) Taiji Kase<br \/>1982 \u010drni pas 6. dan (rokudan) Taiji Kase<br \/>1987 \u010drni pas 7. dan (shichidan) Hidetaka Nishiyama<br \/>1998 \u010drni pas 8. dan (hachidan) Hidetaka Nishiyama<br \/>2003 \u010drni pas 9. dan (Kudan), ki jo podeljuje VTFSKF v Veroni.<br \/>2008 \u010crni pas 10. dan (Judan), ki jo podeljuje IBMA v ZDA<\/p>\n<p>\u0160portnik, trener in selektor<\/p>\n<p>Prvak Evrope v katah ter 13-krat prvak jugoslavije v odprtih \u0161portnih bojih,dvakratni prvak Evrope, tudi dobitnik medalj na razli\u010dnih mednarodnih turnirjih, kjer je osvojil 18 medalj, tudi evropski in svetovni prvak (Jorga je bil prvi prvak, ki ni iz Japonske, ki je osvojil svetovno prvenstvo v Tokiu ). Med 1968 in 1980 je jugoslovanska reprezentanca pod njegovim vodstvom osvojila kar 65 medalj na mednarodnih turnirjih ter 12 evropskih in svetovnih naslovov.<\/p>\n<p>1981 je zapustil jugoslovansko karatefederacijo in za\u010del solo kariero. Nekaj \u200b\u200blet je \u017eivel v Franciji, kjer je treniral z Taiji Kasetom, bil jenjegov asistent na mednarodnih seminarjih ter \u010dakal na uradno priznanje jo\u0161itaka sloga. Leto 1987 Jorga pri\u010dne sodelovati z Hidetako Nishiyamo. Skupaj sta razvijala tradicionalni karate. Njegova organizacija fudokan je po mno\u017eo\u010dnosti \u010detrta svetovna karate organizacija. Je avtor \u0161tevilnih knjig skupaj z bratom Vladimirjem.<\/p>\n<p>Ustanovitev Fudokana<\/p>\n<p>Na njegov rojstni dan, 15 Novembra 1980. Dr Jorga predstavi nov sistem predavanja, sodoben razvoj tradicionalnega karateja pod imenom Fudokan. Kate, ki je bil takrat demonstriral so bile: Heian-o Kumi, Tai\u0111i Sodan, Kaminari.<\/p>\n<p><a href=\"http:\/\/fudokan.si\/wp-content\/uploads\/2019\/12\/36176884_606047169761647_948162099865976832_n.jpg\"><img loading=\"lazy\" decoding=\"async\" class=\"size-full wp-image-885 aligncenter\" src=\"http:\/\/fudokan.si\/wp-content\/uploads\/2019\/12\/36176884_606047169761647_948162099865976832_n.jpg\" alt=\"\" width=\"960\" height=\"720\" srcset=\"https:\/\/fudokan.si\/wp-content\/uploads\/2019\/12\/36176884_606047169761647_948162099865976832_n.jpg 960w, https:\/\/fudokan.si\/wp-content\/uploads\/2019\/12\/36176884_606047169761647_948162099865976832_n-300x225.jpg 300w, https:\/\/fudokan.si\/wp-content\/uploads\/2019\/12\/36176884_606047169761647_948162099865976832_n-768x576.jpg 768w\" sizes=\"(max-width: 960px) 100vw, 960px\" \/><\/a><\/p>\n<p><a href=\"http:\/\/fudokan.si\/wp-content\/uploads\/2019\/12\/36177431_606047346428296_2451540690874662912_n.jpg\"><img loading=\"lazy\" decoding=\"async\" class=\"size-full wp-image-888 aligncenter\" src=\"http:\/\/fudokan.si\/wp-content\/uploads\/2019\/12\/36177431_606047346428296_2451540690874662912_n.jpg\" alt=\"\" width=\"720\" height=\"960\" srcset=\"https:\/\/fudokan.si\/wp-content\/uploads\/2019\/12\/36177431_606047346428296_2451540690874662912_n.jpg 720w, https:\/\/fudokan.si\/wp-content\/uploads\/2019\/12\/36177431_606047346428296_2451540690874662912_n-225x300.jpg 225w\" sizes=\"(max-width: 720px) 100vw, 720px\" \/><\/a><\/p>\n\n<div class=\"wp-block-image\">\n<figure class=\"aligncenter\"><img loading=\"lazy\" decoding=\"async\" width=\"480\" height=\"328\" src=\"http:\/\/fudokan.si\/wp-content\/uploads\/2016\/01\/jorganishiyama.jpg\" alt=\"\" class=\"wp-image-80\" srcset=\"https:\/\/fudokan.si\/wp-content\/uploads\/2016\/01\/jorganishiyama.jpg 480w, https:\/\/fudokan.si\/wp-content\/uploads\/2016\/01\/jorganishiyama-300x205.jpg 300w\" sizes=\"(max-width: 480px) 100vw, 480px\" \/><\/figure><\/div>","protected":false},"excerpt":{"rendered":"<p>Prof.Dr.Ilija Jorga- WFF &nbsp; &nbsp; https:\/\/fudokansport.com\/founder\/Rojen 15. November 1941Beograd, JugoslavijaFudokan borilna ve\u0161\u010dina, ShotokanU\u010ditelji: Tetsuji Murakami, Taiji Kase, Hidetaka NihiyamaNaziv: Soke 10.dan \u010drni pas Dr.I Jorga, univerzitetni profesor, doktor medicine \u0161porta, ustanovitelj stila karateja Fudokan 1980 skupaj s prijateljem Taiji Kase in bratom Vladimirirjem. Pionir karateja SFR Jugoslavije, najbolj\u0161i Jugoslovanski karate in\u0161truktor (Soke 10. Dan). Redni [&hellip;]<\/p>\n","protected":false},"author":2,"featured_media":91,"parent":20,"menu_order":0,"comment_status":"closed","ping_status":"closed","template":"","meta":{"footnotes":""},"_links":{"self":[{"href":"https:\/\/fudokan.si\/index.php?rest_route=\/wp\/v2\/pages\/45"}],"collection":[{"href":"https:\/\/fudokan.si\/index.php?rest_route=\/wp\/v2\/pages"}],"about":[{"href":"https:\/\/fudokan.si\/index.php?rest_route=\/wp\/v2\/types\/page"}],"author":[{"embeddable":true,"href":"https:\/\/fudokan.si\/index.php?rest_route=\/wp\/v2\/users\/2"}],"replies":[{"embeddable":true,"href":"https:\/\/fudokan.si\/index.php?rest_route=%2Fwp%2Fv2%2Fcomments&post=45"}],"version-history":[{"count":8,"href":"https:\/\/fudokan.si\/index.php?rest_route=\/wp\/v2\/pages\/45\/revisions"}],"predecessor-version":[{"id":2202,"href":"https:\/\/fudokan.si\/index.php?rest_route=\/wp\/v2\/pages\/45\/revisions\/2202"}],"up":[{"embeddable":true,"href":"https:\/\/fudokan.si\/index.php?rest_route=\/wp\/v2\/pages\/20"}],"wp:featuredmedia":[{"embeddable":true,"href":"https:\/\/fudokan.si\/index.php?rest_route=\/wp\/v2\/media\/91"}],"wp:attachment":[{"href":"https:\/\/fudokan.si\/index.php?rest_route=%2Fwp%2Fv2%2Fmedia&parent=45"}],"curies":[{"name":"wp","href":"https:\/\/api.w.org\/{rel}","templated":true}]}}