{"id":35,"date":"2016-01-17T12:42:21","date_gmt":"2016-01-17T12:42:21","guid":{"rendered":"http:\/\/fudokan.si\/?page_id=35"},"modified":"2026-04-01T08:51:47","modified_gmt":"2026-04-01T08:51:47","slug":"strokovni-svet","status":"publish","type":"page","link":"https:\/\/fudokan.si\/?page_id=35","title":{"rendered":"Strokovni svet"},"content":{"rendered":"<p>STROKOVNI SVET FUDOKAN SLOVENIJE<\/p>\n<p><strong>Aljo\u0161a Lipavc<\/strong><\/p>\n<p><a href=\"http:\/\/fudokan.si\/wp-content\/uploads\/2019\/11\/20190828_191900_0002.png\"><img loading=\"lazy\" decoding=\"async\" class=\"size-full wp-image-782 aligncenter\" src=\"http:\/\/fudokan.si\/wp-content\/uploads\/2019\/11\/20190828_191900_0002.png\" alt=\"\" width=\"1587\" height=\"2245\" srcset=\"https:\/\/fudokan.si\/wp-content\/uploads\/2019\/11\/20190828_191900_0002.png 1587w, https:\/\/fudokan.si\/wp-content\/uploads\/2019\/11\/20190828_191900_0002-212x300.png 212w, https:\/\/fudokan.si\/wp-content\/uploads\/2019\/11\/20190828_191900_0002-768x1086.png 768w, https:\/\/fudokan.si\/wp-content\/uploads\/2019\/11\/20190828_191900_0002-724x1024.png 724w\" sizes=\"(max-width: 1587px) 100vw, 1587px\" \/><\/a><\/p>\n<p><strong>Gloria \u0160vetak<\/strong><\/p>\n<p><img loading=\"lazy\" decoding=\"async\" class=\"aligncenter wp-image-2574 size-full\" src=\"http:\/\/fudokan.si\/wp-content\/uploads\/2026\/04\/20241110_080233.jpg\" alt=\"\" width=\"932\" height=\"1186\" srcset=\"https:\/\/fudokan.si\/wp-content\/uploads\/2026\/04\/20241110_080233.jpg 932w, https:\/\/fudokan.si\/wp-content\/uploads\/2026\/04\/20241110_080233-236x300.jpg 236w, https:\/\/fudokan.si\/wp-content\/uploads\/2026\/04\/20241110_080233-805x1024.jpg 805w, https:\/\/fudokan.si\/wp-content\/uploads\/2026\/04\/20241110_080233-768x977.jpg 768w\" sizes=\"(max-width: 932px) 100vw, 932px\" \/><\/p>\n<p>ZUNANJI IN\u0160TRUKTORJI<\/p>\n<p><strong>Prof.dr. SOKE Ilija Jorga WFF<\/strong><\/p>\n<p>&nbsp;<\/p>\n<p><img loading=\"lazy\" decoding=\"async\" class=\"aligncenter wp-image-2400 size-full\" src=\"http:\/\/fudokan.si\/wp-content\/uploads\/2025\/08\/52ec432984431.jpg\" alt=\"\" width=\"645\" height=\"344\" srcset=\"https:\/\/fudokan.si\/wp-content\/uploads\/2025\/08\/52ec432984431.jpg 645w, https:\/\/fudokan.si\/wp-content\/uploads\/2025\/08\/52ec432984431-300x160.jpg 300w\" sizes=\"(max-width: 645px) 100vw, 645px\" \/><\/p>\n<p><strong>SENSEI CARLOS DIAS Amicale Karate Portugal<\/strong><\/p>\n<p><img loading=\"lazy\" decoding=\"async\" class=\"aligncenter wp-image-1772\" src=\"http:\/\/fudokan.si\/wp-content\/uploads\/2022\/05\/40922927_551426971983344_4477234669976289280_n-300x300.jpg\" alt=\"\" width=\"483\" height=\"483\" srcset=\"https:\/\/fudokan.si\/wp-content\/uploads\/2022\/05\/40922927_551426971983344_4477234669976289280_n-300x300.jpg 300w, https:\/\/fudokan.si\/wp-content\/uploads\/2022\/05\/40922927_551426971983344_4477234669976289280_n-1024x1024.jpg 1024w, https:\/\/fudokan.si\/wp-content\/uploads\/2022\/05\/40922927_551426971983344_4477234669976289280_n-150x150.jpg 150w, https:\/\/fudokan.si\/wp-content\/uploads\/2022\/05\/40922927_551426971983344_4477234669976289280_n-768x768.jpg 768w, https:\/\/fudokan.si\/wp-content\/uploads\/2022\/05\/40922927_551426971983344_4477234669976289280_n-1536x1536.jpg 1536w, https:\/\/fudokan.si\/wp-content\/uploads\/2022\/05\/40922927_551426971983344_4477234669976289280_n-370x370.jpg 370w, https:\/\/fudokan.si\/wp-content\/uploads\/2022\/05\/40922927_551426971983344_4477234669976289280_n-1040x1040.jpg 1040w, https:\/\/fudokan.si\/wp-content\/uploads\/2022\/05\/40922927_551426971983344_4477234669976289280_n.jpg 2048w\" sizes=\"(max-width: 483px) 100vw, 483px\" \/><\/p>\n<p>&nbsp;<\/p>\n<p><img loading=\"lazy\" decoding=\"async\" class=\"aligncenter wp-image-2572 size-large\" src=\"http:\/\/fudokan.si\/wp-content\/uploads\/2026\/04\/IMG_9525-1024x682.jpg\" alt=\"\" width=\"1024\" height=\"682\" srcset=\"https:\/\/fudokan.si\/wp-content\/uploads\/2026\/04\/IMG_9525-1024x682.jpg 1024w, https:\/\/fudokan.si\/wp-content\/uploads\/2026\/04\/IMG_9525-300x200.jpg 300w, https:\/\/fudokan.si\/wp-content\/uploads\/2026\/04\/IMG_9525-768x512.jpg 768w, https:\/\/fudokan.si\/wp-content\/uploads\/2026\/04\/IMG_9525.jpg 1367w\" sizes=\"(max-width: 1024px) 100vw, 1024px\" \/><\/p>\n<p><strong>Shihan Ljubo Javorsek &#8211; Shofukan<\/strong><\/p>\n<p>&nbsp;<\/p>\n<p><img loading=\"lazy\" decoding=\"async\" class=\"wp-image-2401 size-full aligncenter\" src=\"http:\/\/fudokan.si\/wp-content\/uploads\/2025\/08\/11.jpg\" alt=\"\" width=\"691\" height=\"1388\" srcset=\"https:\/\/fudokan.si\/wp-content\/uploads\/2025\/08\/11.jpg 691w, https:\/\/fudokan.si\/wp-content\/uploads\/2025\/08\/11-149x300.jpg 149w, https:\/\/fudokan.si\/wp-content\/uploads\/2025\/08\/11-510x1024.jpg 510w\" sizes=\"(max-width: 691px) 100vw, 691px\" \/><\/p>\n<p><img loading=\"lazy\" decoding=\"async\" class=\"aligncenter wp-image-2576 size-large\" src=\"http:\/\/fudokan.si\/wp-content\/uploads\/2026\/04\/shofu1-1024x683.jpg\" alt=\"\" width=\"1024\" height=\"683\" srcset=\"https:\/\/fudokan.si\/wp-content\/uploads\/2026\/04\/shofu1-1024x683.jpg 1024w, https:\/\/fudokan.si\/wp-content\/uploads\/2026\/04\/shofu1-300x200.jpg 300w, https:\/\/fudokan.si\/wp-content\/uploads\/2026\/04\/shofu1-768x512.jpg 768w, https:\/\/fudokan.si\/wp-content\/uploads\/2026\/04\/shofu1.jpg 1500w\" sizes=\"(max-width: 1024px) 100vw, 1024px\" \/><\/p>\n<p>WBKA IN\u0160TRUKTOR &#8211; <strong>AVI ROKAH<\/strong><\/p>\n<p><a href=\"http:\/\/fudokan.si\/wp-content\/uploads\/2019\/02\/96.jpg\"><img loading=\"lazy\" decoding=\"async\" class=\"wp-image-589 aligncenter\" src=\"http:\/\/fudokan.si\/wp-content\/uploads\/2019\/02\/96.jpg\" alt=\"\" width=\"652\" height=\"498\" srcset=\"https:\/\/fudokan.si\/wp-content\/uploads\/2019\/02\/96.jpg 652w, https:\/\/fudokan.si\/wp-content\/uploads\/2019\/02\/96-300x229.jpg 300w\" sizes=\"(max-width: 652px) 100vw, 652px\" \/><\/a><\/p>\n<p><img loading=\"lazy\" decoding=\"async\" class=\"aligncenter wp-image-2577 size-large\" src=\"http:\/\/fudokan.si\/wp-content\/uploads\/2026\/04\/20241110_090914-1024x861.jpg\" alt=\"\" width=\"1024\" height=\"861\" srcset=\"https:\/\/fudokan.si\/wp-content\/uploads\/2026\/04\/20241110_090914-1024x861.jpg 1024w, https:\/\/fudokan.si\/wp-content\/uploads\/2026\/04\/20241110_090914-300x252.jpg 300w, https:\/\/fudokan.si\/wp-content\/uploads\/2026\/04\/20241110_090914-768x646.jpg 768w, https:\/\/fudokan.si\/wp-content\/uploads\/2026\/04\/20241110_090914.jpg 1080w\" sizes=\"(max-width: 1024px) 100vw, 1024px\" \/><\/p>\n<p>ITKF in\u0161truktor &#8211; <strong>JUSTO GOMEZ<\/strong><\/p>\n<p><a href=\"http:\/\/fudokan.si\/wp-content\/uploads\/2019\/11\/taekwondo-maestro-img-full-562aac11c0c5f.jpg\"><img loading=\"lazy\" decoding=\"async\" class=\"wp-image-822 size-full aligncenter\" src=\"http:\/\/fudokan.si\/wp-content\/uploads\/2019\/11\/taekwondo-maestro-img-full-562aac11c0c5f.jpg\" alt=\"\" width=\"609\" height=\"528\" srcset=\"https:\/\/fudokan.si\/wp-content\/uploads\/2019\/11\/taekwondo-maestro-img-full-562aac11c0c5f.jpg 609w, https:\/\/fudokan.si\/wp-content\/uploads\/2019\/11\/taekwondo-maestro-img-full-562aac11c0c5f-300x260.jpg 300w\" sizes=\"(max-width: 609px) 100vw, 609px\" \/><\/a><\/p>\n<p><a href=\"http:\/\/fudokan.si\/wp-content\/uploads\/2019\/11\/74534364_1310706745778586_4552114134837100544_n.jpg\"><img loading=\"lazy\" decoding=\"async\" class=\"size-full wp-image-821 aligncenter\" src=\"http:\/\/fudokan.si\/wp-content\/uploads\/2019\/11\/74534364_1310706745778586_4552114134837100544_n.jpg\" alt=\"\" width=\"960\" height=\"720\" srcset=\"https:\/\/fudokan.si\/wp-content\/uploads\/2019\/11\/74534364_1310706745778586_4552114134837100544_n.jpg 960w, https:\/\/fudokan.si\/wp-content\/uploads\/2019\/11\/74534364_1310706745778586_4552114134837100544_n-300x225.jpg 300w, https:\/\/fudokan.si\/wp-content\/uploads\/2019\/11\/74534364_1310706745778586_4552114134837100544_n-768x576.jpg 768w\" sizes=\"(max-width: 960px) 100vw, 960px\" \/><\/a><\/p>\n<p>&nbsp;<\/p>\n<p>&nbsp;<\/p>\n<p>JKF &#8211; WADO KAI IN\u0160TRUKTOR &#8211; SEIJI NISHIMURA<\/p>\n<p><a href=\"http:\/\/fudokan.si\/wp-content\/uploads\/2019\/02\/stage_tecnici_fikta_aprile_maggio_2016_05_02.jpg\"><img loading=\"lazy\" decoding=\"async\" class=\"size-full wp-image-593 aligncenter\" src=\"http:\/\/fudokan.si\/wp-content\/uploads\/2019\/02\/stage_tecnici_fikta_aprile_maggio_2016_05_02.jpg\" alt=\"\" width=\"787\" height=\"524\" srcset=\"https:\/\/fudokan.si\/wp-content\/uploads\/2019\/02\/stage_tecnici_fikta_aprile_maggio_2016_05_02.jpg 787w, https:\/\/fudokan.si\/wp-content\/uploads\/2019\/02\/stage_tecnici_fikta_aprile_maggio_2016_05_02-300x200.jpg 300w, https:\/\/fudokan.si\/wp-content\/uploads\/2019\/02\/stage_tecnici_fikta_aprile_maggio_2016_05_02-768x511.jpg 768w\" sizes=\"(max-width: 787px) 100vw, 787px\" \/><\/a><\/p>\n<p><a href=\"http:\/\/fudokan.si\/wp-content\/uploads\/2019\/11\/67404119_2453256831400062_7683137098823499776_n.jpg\"><img loading=\"lazy\" decoding=\"async\" class=\"aligncenter wp-image-823 size-full\" src=\"http:\/\/fudokan.si\/wp-content\/uploads\/2019\/11\/67404119_2453256831400062_7683137098823499776_n.jpg\" alt=\"\" width=\"960\" height=\"720\" srcset=\"https:\/\/fudokan.si\/wp-content\/uploads\/2019\/11\/67404119_2453256831400062_7683137098823499776_n.jpg 960w, https:\/\/fudokan.si\/wp-content\/uploads\/2019\/11\/67404119_2453256831400062_7683137098823499776_n-300x225.jpg 300w, https:\/\/fudokan.si\/wp-content\/uploads\/2019\/11\/67404119_2453256831400062_7683137098823499776_n-768x576.jpg 768w\" sizes=\"(max-width: 960px) 100vw, 960px\" \/><\/a><\/p>\n<p>&nbsp;<\/p>\n<p><img loading=\"lazy\" decoding=\"async\" class=\"aligncenter wp-image-2577 size-large\" src=\"http:\/\/fudokan.si\/wp-content\/uploads\/2026\/04\/20241110_090914-1024x861.jpg\" alt=\"\" width=\"1024\" height=\"861\" srcset=\"https:\/\/fudokan.si\/wp-content\/uploads\/2026\/04\/20241110_090914-1024x861.jpg 1024w, https:\/\/fudokan.si\/wp-content\/uploads\/2026\/04\/20241110_090914-300x252.jpg 300w, https:\/\/fudokan.si\/wp-content\/uploads\/2026\/04\/20241110_090914-768x646.jpg 768w, https:\/\/fudokan.si\/wp-content\/uploads\/2026\/04\/20241110_090914.jpg 1080w\" sizes=\"(max-width: 1024px) 100vw, 1024px\" \/> <img loading=\"lazy\" decoding=\"async\" class=\"aligncenter wp-image-2578 size-large\" src=\"http:\/\/fudokan.si\/wp-content\/uploads\/2026\/04\/888-1024x768.jpg\" alt=\"\" width=\"1024\" height=\"768\" srcset=\"https:\/\/fudokan.si\/wp-content\/uploads\/2026\/04\/888-1024x768.jpg 1024w, https:\/\/fudokan.si\/wp-content\/uploads\/2026\/04\/888-300x225.jpg 300w, https:\/\/fudokan.si\/wp-content\/uploads\/2026\/04\/888-768x576.jpg 768w, https:\/\/fudokan.si\/wp-content\/uploads\/2026\/04\/888-1536x1153.jpg 1536w, https:\/\/fudokan.si\/wp-content\/uploads\/2026\/04\/888.jpg 1599w\" sizes=\"(max-width: 1024px) 100vw, 1024px\" \/><\/p>\n<p>&nbsp;<\/p>\n<div style=\"width: 400px;\" class=\"wp-video\"><!--[if lt IE 9]><script>document.createElement('video');<\/script><![endif]-->\n<video class=\"wp-video-shortcode\" id=\"video-35-1\" width=\"400\" height=\"230\" preload=\"metadata\" controls=\"controls\"><source type=\"video\/mp4\" src=\"http:\/\/fudokan.si\/wp-content\/uploads\/2016\/01\/17227555_1851827215088918_3739713498771357696_n.mp4?_=1\" \/><a href=\"http:\/\/fudokan.si\/wp-content\/uploads\/2016\/01\/17227555_1851827215088918_3739713498771357696_n.mp4\">http:\/\/fudokan.si\/wp-content\/uploads\/2016\/01\/17227555_1851827215088918_3739713498771357696_n.mp4<\/a><\/video><\/div>\n<p><a href=\"http:\/\/fudokan.si\/wp-content\/uploads\/2016\/01\/Poro\u010dilo-Seminar-Soke-v-Sloveniji.pdf\">Poro\u010dilo Seminar Soke v Sloveniji<\/a><\/p>\n<div style=\"width: 640px;\" class=\"wp-video\"><video class=\"wp-video-shortcode\" id=\"video-35-2\" width=\"640\" height=\"368\" preload=\"metadata\" controls=\"controls\"><source type=\"video\/mp4\" src=\"http:\/\/fudokan.si\/wp-content\/uploads\/2020\/12\/video-4556bdc139fbcf2705ccc8fc3278397b-V.mp4?_=2\" \/><a href=\"http:\/\/fudokan.si\/wp-content\/uploads\/2020\/12\/video-4556bdc139fbcf2705ccc8fc3278397b-V.mp4\">http:\/\/fudokan.si\/wp-content\/uploads\/2020\/12\/video-4556bdc139fbcf2705ccc8fc3278397b-V.mp4<\/a><\/video><\/div>\n\n\n<p><\/p>\n\n\n\n\n\n<p><\/p>\n","protected":false},"excerpt":{"rendered":"<p>STROKOVNI SVET FUDOKAN SLOVENIJE Aljo\u0161a Lipavc Gloria \u0160vetak ZUNANJI IN\u0160TRUKTORJI Prof.dr. SOKE Ilija Jorga WFF &nbsp; SENSEI CARLOS DIAS Amicale Karate Portugal &nbsp; Shihan Ljubo Javorsek &#8211; Shofukan &nbsp; WBKA IN\u0160TRUKTOR &#8211; AVI ROKAH ITKF in\u0161truktor &#8211; JUSTO GOMEZ &nbsp; &nbsp; JKF &#8211; WADO KAI IN\u0160TRUKTOR &#8211; SEIJI NISHIMURA &nbsp; &nbsp; Poro\u010dilo Seminar Soke v [&hellip;]<\/p>\n","protected":false},"author":2,"featured_media":2002,"parent":31,"menu_order":0,"comment_status":"closed","ping_status":"closed","template":"","meta":{"footnotes":""},"_links":{"self":[{"href":"https:\/\/fudokan.si\/index.php?rest_route=\/wp\/v2\/pages\/35"}],"collection":[{"href":"https:\/\/fudokan.si\/index.php?rest_route=\/wp\/v2\/pages"}],"about":[{"href":"https:\/\/fudokan.si\/index.php?rest_route=\/wp\/v2\/types\/page"}],"author":[{"embeddable":true,"href":"https:\/\/fudokan.si\/index.php?rest_route=\/wp\/v2\/users\/2"}],"replies":[{"embeddable":true,"href":"https:\/\/fudokan.si\/index.php?rest_route=%2Fwp%2Fv2%2Fcomments&post=35"}],"version-history":[{"count":21,"href":"https:\/\/fudokan.si\/index.php?rest_route=\/wp\/v2\/pages\/35\/revisions"}],"predecessor-version":[{"id":2579,"href":"https:\/\/fudokan.si\/index.php?rest_route=\/wp\/v2\/pages\/35\/revisions\/2579"}],"up":[{"embeddable":true,"href":"https:\/\/fudokan.si\/index.php?rest_route=\/wp\/v2\/pages\/31"}],"wp:featuredmedia":[{"embeddable":true,"href":"https:\/\/fudokan.si\/index.php?rest_route=\/wp\/v2\/media\/2002"}],"wp:attachment":[{"href":"https:\/\/fudokan.si\/index.php?rest_route=%2Fwp%2Fv2%2Fmedia&parent=35"}],"curies":[{"name":"wp","href":"https:\/\/api.w.org\/{rel}","templated":true}]}}