{"id":22,"date":"2016-01-17T12:35:20","date_gmt":"2016-01-17T12:35:20","guid":{"rendered":"http:\/\/fudokan.si\/?page_id=22"},"modified":"2026-02-05T10:07:33","modified_gmt":"2026-02-05T10:07:33","slug":"slovenian-fudokan-federation","status":"publish","type":"page","link":"https:\/\/fudokan.si\/?page_id=22","title":{"rendered":"Fudokan Slovenija"},"content":{"rendered":"<div class=\"style-176 style-local-22-c1 position-relative\" data-colibri-id=\"22-c1\">\n<div id=\"initial-content\" class=\"h-section h-section-global-spacing d-flex align-items-lg-center align-items-md-center align-items-center style-177 style-local-22-c2 position-relative\" data-colibri-component=\"section\" data-colibri-id=\"22-c2\">\n<div class=\"h-section-grid-container h-section-boxed-container\">\n<div class=\"h-row-container gutters-row-lg-2 gutters-row-md-2 gutters-row-0 gutters-row-v-lg-2 gutters-row-v-md-2 gutters-row-v-2 style-296 style-local-22-c7 position-relative\" data-colibri-id=\"22-c7\">\n<div class=\"h-row justify-content-lg-center justify-content-md-center justify-content-center align-items-lg-center align-items-md-center align-items-center gutters-col-lg-2 gutters-col-md-2 gutters-col-0 gutters-col-v-lg-2 gutters-col-v-md-2 gutters-col-v-2\">\n<div class=\"h-column h-column-container d-flex h-col-lg-auto h-col-md-auto h-col-auto align-self-lg-center align-self-md-center align-self-center style-297-outer style-local-22-c8-outer\">\n<div class=\"d-flex h-flex-basis h-column__inner h-px-lg-2 h-px-md-2 h-px-2 v-inner-lg-2 v-inner-md-2 v-inner-2 style-297 style-local-22-c8 position-relative\" data-colibri-id=\"22-c8\">\n<div class=\"w-100 h-y-container h-column__content h-column__v-align flex-basis-100 align-self-lg-start align-self-md-start align-self-start\">\n<div class=\"h-global-transition-all h-heading style-298 style-local-22-c9 position-relative h-element\" data-colibri-id=\"22-c9\">\n<h3 class=\"\"><a href=\"http:\/\/fudokan.si\/wp-content\/uploads\/2019\/02\/cropped-logo-1.png\"><img loading=\"lazy\" decoding=\"async\" class=\"size-full wp-image-1145 aligncenter\" src=\"http:\/\/fudokan.si\/wp-content\/uploads\/2019\/02\/cropped-logo-1.png\" alt=\"\" width=\"542\" height=\"131\" srcset=\"https:\/\/fudokan.si\/wp-content\/uploads\/2019\/02\/cropped-logo-1.png 542w, https:\/\/fudokan.si\/wp-content\/uploads\/2019\/02\/cropped-logo-1-300x73.png 300w\" sizes=\"(max-width: 542px) 100vw, 542px\" \/><\/a><\/h3>\n<\/div>\n<div class=\"h-text h-text-component style-299 style-local-22-c10 position-relative h-element\" data-colibri-id=\"22-c10\">\n<div class=\"\"><\/div>\n<\/div>\n<\/div>\n<\/div>\n<\/div>\n<\/div>\n<\/div>\n<div class=\"h-row-container gutters-row-lg-2 gutters-row-md-2 gutters-row-0 gutters-row-v-lg-2 gutters-row-v-md-2 gutters-row-v-2 style-178 style-local-22-c3 position-relative\" data-colibri-id=\"22-c3\">\n<div class=\"h-row justify-content-lg-center justify-content-md-center justify-content-center align-items-lg-stretch align-items-md-stretch align-items-stretch gutters-col-lg-2 gutters-col-md-2 gutters-col-0 gutters-col-v-lg-2 gutters-col-v-md-2 gutters-col-v-2\">\n<div class=\"h-column h-column-container d-flex h-col-lg-auto h-col-md-auto h-col-auto style-179-outer style-local-22-c4-outer\">\n<div class=\"d-flex h-flex-basis h-column__inner h-px-lg-2 h-px-md-2 h-px-2 v-inner-lg-2 v-inner-md-2 v-inner-2 style-179 style-local-22-c4 position-relative\" data-colibri-id=\"22-c4\">\n<div class=\"w-100 h-y-container h-column__content h-column__v-align flex-basis-auto align-self-lg-center align-self-md-center align-self-center\">\n<div class=\"style-180 style-local-22-c5 position-relative h-element\" data-colibri-id=\"22-c5\">\n<div><\/div>\n<div><strong>ORGANI ZVEZE<\/strong><\/div>\n<\/div>\n<\/div>\n<div><\/div>\n<div class=\"w-100 h-y-container h-column__content h-column__v-align flex-basis-auto align-self-lg-center align-self-md-center align-self-center\">\n<div class=\"style-180 style-local-22-c5 position-relative h-element\" data-colibri-id=\"22-c5\">\n<div><\/div>\n<div>Predsednik: Aljo\u0161a Lipavc<\/div>\n<div><\/div>\n<div><\/div>\n<div><\/div>\n<div>Podpredsednik: Ranis Smajlovi\u010d<\/div>\n<div><\/div>\n<div><\/div>\n<div><\/div>\n<div>Generalni sekretar: Mihaela Jerini\u010d<\/div>\n<div><\/div>\n<div><\/div>\n<div><\/div>\n<div><\/div>\n<div><strong>IZVR\u0160NI ODBOR:<\/strong><\/div>\n<div><\/div>\n<div><\/div>\n<div><\/div>\n<div>Aljo\u0161a Lipavc;<\/div>\n<div><\/div>\n<div>Gloria \u0160vetak;<\/div>\n<div><\/div>\n<div>Ljubinko Jerini\u010d;<\/div>\n<div><\/div>\n<div>Mihaela Jerini\u010d;<\/div>\n<div><\/div>\n<div>Marjan Mur\u0161i\u010d,<\/div>\n<div><\/div>\n<div>Ranis Smajlovi\u010d,<\/div>\n<div><\/div>\n<div>Velida Glamo\u010di\u010d<\/div>\n<div>\n<p>&nbsp;<\/p>\n<p><strong>NADZORNI ODBOR:<\/strong><\/p>\n<p>&nbsp;<\/p>\n<p>Predsednik: Ljubinko Jerini\u010d<\/p>\n<p>&nbsp;<\/p>\n<p><strong>\u010cASTNO RAZSODI\u0160\u010cE:<\/strong><\/p>\n<p>&nbsp;<\/p>\n<p>Predsednik: Marjan Mur\u0161i\u010d<\/p>\n<p>&nbsp;<\/p>\n<\/div>\n<div>\n<p>TRADITIONAL KARATE INSTITUTE &#8211;<br \/>\n<a href=\"http:\/\/www.tki.fudokan.si\">http:\/\/www.tki.fudokan.si<\/a><\/p>\n<p>&nbsp;<\/p>\n<p>FUDOKAN AKADEMIJA SLOVENIJE &#8211;<br \/>\n<a href=\"http:\/\/www.fas.si\">http:\/\/www.fas.si<\/a><\/p>\n<p>&nbsp;<\/p>\n<p>FTI INSTITUTE &#8211; MARJETA NA DRAVSKEM POLJU<\/p>\n<p>&nbsp;<\/p>\n<p>TKI &#8211; TRBOVLJE<\/p>\n<p>&nbsp;<\/p>\n<p>TKI &#8211; SLOVENSKA BISTRICA<\/p>\n<p>&nbsp;<\/p>\n<p>TKI &#8211; SLIVNICA &#8211; HO\u010cE<\/p>\n<p>&nbsp;<\/p>\n<p>TKI &#8211; NOVA GORICA<\/p>\n<p><a href=\"http:\/\/fudokan.si\/wp-content\/uploads\/2019\/01\/drevo-\u017eivljena.jpg\"><br \/>\n<img loading=\"lazy\" decoding=\"async\" class=\"alignnone size-full wp-image-509\" src=\"http:\/\/fudokan.si\/wp-content\/uploads\/2019\/01\/drevo-\u017eivljena.jpg\" alt=\"\" width=\"1211\" height=\"1691\" srcset=\"https:\/\/fudokan.si\/wp-content\/uploads\/2019\/01\/drevo-\u017eivljena.jpg 1211w, https:\/\/fudokan.si\/wp-content\/uploads\/2019\/01\/drevo-\u017eivljena-215x300.jpg 215w, https:\/\/fudokan.si\/wp-content\/uploads\/2019\/01\/drevo-\u017eivljena-768x1072.jpg 768w, https:\/\/fudokan.si\/wp-content\/uploads\/2019\/01\/drevo-\u017eivljena-733x1024.jpg 733w\" sizes=\"(max-width: 1211px) 100vw, 1211px\" \/><br \/>\n<\/a><\/p>\n<p><a href=\"http:\/\/fudokan.si\/wp-content\/uploads\/2019\/01\/FUDOKAN-potrdilo-scan-2019-ang.pdf\">FUDOKAN potrdilo scan 2019 ang<\/a><\/p>\n<\/div>\n<\/div>\n<\/div>\n<\/div>\n<\/div>\n<div class=\"h-column h-column-container d-flex h-col-lg-auto h-col-md-auto h-col-auto style-274-outer style-local-22-c6-outer\">\n<div class=\"d-flex h-flex-basis h-column__inner h-ui-empty-state-container h-px-lg-2 h-px-md-2 h-px-2 v-inner-lg-2 v-inner-md-2 v-inner-2 style-274 style-local-22-c6 position-relative\" data-colibri-id=\"22-c6\">\n<div class=\"w-100 h-y-container h-column__content h-column__v-align flex-basis-auto\"><\/div>\n<\/div>\n<\/div>\n<\/div>\n<\/div>\n<\/div>\n<\/div>\n<\/div>\n","protected":false},"excerpt":{"rendered":"<p>ORGANI ZVEZE Predsednik: Aljo\u0161a Lipavc Podpredsednik: Ranis Smajlovi\u010d Generalni sekretar: Mihaela Jerini\u010d IZVR\u0160NI ODBOR: Aljo\u0161a Lipavc; Gloria \u0160vetak; Ljubinko Jerini\u010d; Mihaela Jerini\u010d; Marjan Mur\u0161i\u010d, Ranis Smajlovi\u010d, Velida Glamo\u010di\u010d &nbsp; NADZORNI ODBOR: &nbsp; Predsednik: Ljubinko Jerini\u010d &nbsp; \u010cASTNO RAZSODI\u0160\u010cE: &nbsp; Predsednik: Marjan Mur\u0161i\u010d &nbsp; TRADITIONAL KARATE INSTITUTE &#8211; http:\/\/www.tki.fudokan.si &nbsp; FUDOKAN AKADEMIJA SLOVENIJE &#8211; http:\/\/www.fas.si &nbsp; [&hellip;]<\/p>\n","protected":false},"author":2,"featured_media":1978,"parent":0,"menu_order":0,"comment_status":"closed","ping_status":"closed","template":"page-templates\/landing-page.php","meta":{"footnotes":""},"_links":{"self":[{"href":"https:\/\/fudokan.si\/index.php?rest_route=\/wp\/v2\/pages\/22"}],"collection":[{"href":"https:\/\/fudokan.si\/index.php?rest_route=\/wp\/v2\/pages"}],"about":[{"href":"https:\/\/fudokan.si\/index.php?rest_route=\/wp\/v2\/types\/page"}],"author":[{"embeddable":true,"href":"https:\/\/fudokan.si\/index.php?rest_route=\/wp\/v2\/users\/2"}],"replies":[{"embeddable":true,"href":"https:\/\/fudokan.si\/index.php?rest_route=%2Fwp%2Fv2%2Fcomments&post=22"}],"version-history":[{"count":40,"href":"https:\/\/fudokan.si\/index.php?rest_route=\/wp\/v2\/pages\/22\/revisions"}],"predecessor-version":[{"id":2548,"href":"https:\/\/fudokan.si\/index.php?rest_route=\/wp\/v2\/pages\/22\/revisions\/2548"}],"wp:featuredmedia":[{"embeddable":true,"href":"https:\/\/fudokan.si\/index.php?rest_route=\/wp\/v2\/media\/1978"}],"wp:attachment":[{"href":"https:\/\/fudokan.si\/index.php?rest_route=%2Fwp%2Fv2%2Fmedia&parent=22"}],"curies":[{"name":"wp","href":"https:\/\/api.w.org\/{rel}","templated":true}]}}