{"id":47,"date":"2016-01-17T12:49:00","date_gmt":"2016-01-17T12:49:00","guid":{"rendered":"http:\/\/fudokan.si\/?page_id=47"},"modified":"2025-11-10T15:51:43","modified_gmt":"2025-11-10T15:51:43","slug":"povezave-wff","status":"publish","type":"page","link":"http:\/\/fudokan.si\/?page_id=47","title":{"rendered":"EVROPSKO PRVENSTVO WTKU SLOVENIJA 2025"},"content":{"rendered":"\n<p>Fudokan Slovenija je od 10. 10. 2025 &#8211; 12. 10. 2025 nastopila na Evropskem prvenstvu European Traditional Karate &#8211; Do Cup Slovenija &#8211; Terme Olimia (Pod\u010detrtek) 2025. <\/p>\n\n\n\n<p>\u010cestitke vsem nastopajo\u010dim za rezultate. Kot selektorka te male ekipe lahko s ponosom povem, da se domov vra\u010damo kar z 19 kolajnami, od tega kar 5 naslovov EVROPSKIH PRVAKOV!<\/p>\n\n\n<div class=\"wp-block-image\">\n<figure class=\"aligncenter size-large\"><img loading=\"lazy\" decoding=\"async\" width=\"1024\" height=\"768\" src=\"http:\/\/fudokan.si\/wp-content\/uploads\/2025\/11\/WTKU1-1024x768.jpg\" alt=\"\" class=\"wp-image-2424\" srcset=\"http:\/\/fudokan.si\/wp-content\/uploads\/2025\/11\/WTKU1-1024x768.jpg 1024w, http:\/\/fudokan.si\/wp-content\/uploads\/2025\/11\/WTKU1-300x225.jpg 300w, http:\/\/fudokan.si\/wp-content\/uploads\/2025\/11\/WTKU1-768x576.jpg 768w, http:\/\/fudokan.si\/wp-content\/uploads\/2025\/11\/WTKU1-1536x1152.jpg 1536w, http:\/\/fudokan.si\/wp-content\/uploads\/2025\/11\/WTKU1-1140x855.jpg 1140w, http:\/\/fudokan.si\/wp-content\/uploads\/2025\/11\/WTKU1.jpg 2048w\" sizes=\"(max-width: 1024px) 100vw, 1024px\" \/><\/figure><\/div>\n\n\n<p>Ekipa 25 tekmovalcev je nastopila v razli\u010dnih kategorijah. Ekipo je spremljala Mihaela Jerini\u0107. Sodnik je bila Glorija \u0160vetak. Tehni\u010dno osebje Tosja Lipavc, Jasmin Biti\u010d, Marjan Mur\u0161i\u010d, Ljubinko Jerini\u0107 in Aljo\u0161a Lipavc.<\/p>\n\n\n<div class=\"wp-block-image\">\n<figure class=\"aligncenter size-large\"><img loading=\"lazy\" decoding=\"async\" width=\"1024\" height=\"626\" src=\"https:\/\/fudokan.si\/wp-content\/uploads\/2025\/11\/512403638_1504767404181292_2911201524312756712_n-1024x626.jpg\" alt=\"\" class=\"wp-image-2435\" srcset=\"http:\/\/fudokan.si\/wp-content\/uploads\/2025\/11\/512403638_1504767404181292_2911201524312756712_n-1024x626.jpg 1024w, http:\/\/fudokan.si\/wp-content\/uploads\/2025\/11\/512403638_1504767404181292_2911201524312756712_n-300x183.jpg 300w, http:\/\/fudokan.si\/wp-content\/uploads\/2025\/11\/512403638_1504767404181292_2911201524312756712_n-768x469.jpg 768w, http:\/\/fudokan.si\/wp-content\/uploads\/2025\/11\/512403638_1504767404181292_2911201524312756712_n-1536x939.jpg 1536w, http:\/\/fudokan.si\/wp-content\/uploads\/2025\/11\/512403638_1504767404181292_2911201524312756712_n-1140x697.jpg 1140w, http:\/\/fudokan.si\/wp-content\/uploads\/2025\/11\/512403638_1504767404181292_2911201524312756712_n.jpg 1600w\" sizes=\"(max-width: 1024px) 100vw, 1024px\" \/><\/figure><\/div>\n\n\n<p>FUDOKAN SLOVENIJA:<\/p>\n\n\n\n<p>Mihaela Jerini\u0107:<\/p>\n\n\n\n<p>1.mesto kumite individual Seniors<\/p>\n\n\n\n<p>3.mesto fuko-go Seniors<\/p>\n\n\n\n<p>Izabel Jankulovi\u010d Pahor:<\/p>\n\n\n\n<p>1.mesto kata individual Children D (5-4 kyu)<\/p>\n\n\n\n<p>Melita Okreti\u010d:<\/p>\n\n\n\n<p>1.mesto kata individual Children D (6 kyu)<\/p>\n\n\n\n<p>Anea Feli\u0107:<\/p>\n\n\n\n<p>1.mesto kata individual Children B (6 kyu)<\/p>\n\n\n\n<p>2.mesto kihon ippon kumite Children B (6 kyu)<\/p>\n\n\n\n<p>Emar Nurkovi\u0107:<\/p>\n\n\n\n<p>1.mesto kata individual Children B (9-8 kyu)<\/p>\n\n\n\n<p>2.mesto kihon ippon kumite Children B (9-8 kyu)<\/p>\n\n\n\n<p>Matija Humar:<\/p>\n\n\n\n<p>3.mesto ko-go kumite Juniors<\/p>\n\n\n\n<p>3.mesto fuko-go Juniors<\/p>\n\n\n\n<p>Ja\u0161 Lipavc:<\/p>\n\n\n\n<p>3.mesto kata individual Children C (6 kyu)<\/p>\n\n\n\n<p>Patrik Dodi\u010d:<\/p>\n\n\n\n<p>2.mesto kata individual Children D (5-4 kyu)<\/p>\n\n\n\n<p>3.mesto jiyu ippon kumite Children D (5-4 kyu)<\/p>\n\n\n\n<p>Vanessa Plaznik:<\/p>\n\n\n\n<p>3.mesto kumite individual Youths<\/p>\n\n\n\n<p>Lara Midlil:<\/p>\n\n\n\n<p>2.mesto kihon ippon kumite Children D (7 kyu)<\/p>\n\n\n\n<p>3.mesto kata individual Children D (7 kyu)<\/p>\n\n\n\n<p>Ema Poplatnik:<\/p>\n\n\n\n<p>2.mesto kata individual Children D (7 kyu)<\/p>\n\n\n\n<p>3.mesto kihon ippon kumite Children D (7 kyu)<\/p>\n\n\n\n<p>Miha Poplatnik:<\/p>\n\n\n\n<p>3.mesto kata individual Children A (7 kyu)<\/p>\n\n\n\n<p>5x 1.mesto<\/p>\n\n\n\n<p>5x 2.mesto<\/p>\n\n\n<div class=\"wp-block-image\">\n<figure class=\"aligncenter size-large\"><img loading=\"lazy\" decoding=\"async\" width=\"1024\" height=\"768\" src=\"http:\/\/fudokan.si\/wp-content\/uploads\/2025\/11\/WTKU7-1024x768.jpg\" alt=\"\" class=\"wp-image-2421\" srcset=\"http:\/\/fudokan.si\/wp-content\/uploads\/2025\/11\/WTKU7-1024x768.jpg 1024w, http:\/\/fudokan.si\/wp-content\/uploads\/2025\/11\/WTKU7-300x225.jpg 300w, http:\/\/fudokan.si\/wp-content\/uploads\/2025\/11\/WTKU7-768x576.jpg 768w, http:\/\/fudokan.si\/wp-content\/uploads\/2025\/11\/WTKU7-1536x1152.jpg 1536w, http:\/\/fudokan.si\/wp-content\/uploads\/2025\/11\/WTKU7-1140x855.jpg 1140w, http:\/\/fudokan.si\/wp-content\/uploads\/2025\/11\/WTKU7.jpg 2048w\" sizes=\"(max-width: 1024px) 100vw, 1024px\" \/><\/figure><\/div>\n\n\n<p><\/p>\n\n\n<div class=\"wp-block-image\">\n<figure class=\"aligncenter size-large is-resized\"><img loading=\"lazy\" decoding=\"async\" width=\"1024\" height=\"768\" src=\"http:\/\/fudokan.si\/wp-content\/uploads\/2025\/11\/WTKU2-1024x768.jpg\" alt=\"\" class=\"wp-image-2422\" style=\"width:840px;height:auto\" srcset=\"http:\/\/fudokan.si\/wp-content\/uploads\/2025\/11\/WTKU2-1024x768.jpg 1024w, http:\/\/fudokan.si\/wp-content\/uploads\/2025\/11\/WTKU2-300x225.jpg 300w, http:\/\/fudokan.si\/wp-content\/uploads\/2025\/11\/WTKU2-768x576.jpg 768w, http:\/\/fudokan.si\/wp-content\/uploads\/2025\/11\/WTKU2-1536x1152.jpg 1536w, http:\/\/fudokan.si\/wp-content\/uploads\/2025\/11\/WTKU2-1140x855.jpg 1140w, http:\/\/fudokan.si\/wp-content\/uploads\/2025\/11\/WTKU2.jpg 2048w\" sizes=\"(max-width: 1024px) 100vw, 1024px\" \/><\/figure><\/div>\n\n\n<p><\/p>\n\n\n\n<p><\/p>\n\n\n<div class=\"wp-block-image\">\n<figure class=\"aligncenter size-full\"><img loading=\"lazy\" decoding=\"async\" width=\"443\" height=\"590\" src=\"http:\/\/fudokan.si\/wp-content\/uploads\/2025\/11\/WTKU8.jpg\" alt=\"\" class=\"wp-image-2434\" srcset=\"http:\/\/fudokan.si\/wp-content\/uploads\/2025\/11\/WTKU8.jpg 443w, http:\/\/fudokan.si\/wp-content\/uploads\/2025\/11\/WTKU8-225x300.jpg 225w\" sizes=\"(max-width: 443px) 100vw, 443px\" \/><\/figure><\/div>\n\n\n<p><\/p>\n\n\n\n<p>Tudi v sezoni 2025 je ekipa Fudokan Slovenije ter Dru\u0161tvo TKI Ra\u010de uspe\u0161no realizirala organizacijo Evropskega prvenstva World Traditional Karate Union. Skupaj z strokovno ekipo WTKU ( g. Janus, g.Simic, g.Neugebauer ter Prof.dr. Ilija Jorga ). Na prvenstvu je nastopilo 1000 tekmovalcev iz 15 dr\u017eav Evrope. Tekmovalci so nastopili prav v vseh starostnih kategorijah ter \u0161tevilnih razli\u010dnih tekmovalnih disciplinah. V Termah Olimia so poskrbeli za izvrstno namestitev in prehrano ter za vrhunsko spro\u0161\u010danje v prostem \u010dasu na termalnih bazenih in savnah. Na\u0161i sponzorji so poskrbeli za VIP \u0161otor, brezpla\u010dno vodo za sodnike , brezpla\u010dno kavo ter pogostitev delegatov. Zahvala podjetju AdriaForest, Vinoto\u010dom Greif in Pape\u017e, podjetju Delikomat ter Dru\u0161tvu Traditional Karate Institute Ra\u010de.<\/p>\n\n\n<div class=\"wp-block-image\">\n<figure class=\"aligncenter size-large\"><img loading=\"lazy\" decoding=\"async\" width=\"1024\" height=\"458\" src=\"https:\/\/fudokan.si\/wp-content\/uploads\/2025\/11\/WTKU9-1024x458.jpg\" alt=\"\" class=\"wp-image-2439\" srcset=\"http:\/\/fudokan.si\/wp-content\/uploads\/2025\/11\/WTKU9-1024x458.jpg 1024w, http:\/\/fudokan.si\/wp-content\/uploads\/2025\/11\/WTKU9-300x134.jpg 300w, http:\/\/fudokan.si\/wp-content\/uploads\/2025\/11\/WTKU9-768x343.jpg 768w, http:\/\/fudokan.si\/wp-content\/uploads\/2025\/11\/WTKU9-1140x510.jpg 1140w, http:\/\/fudokan.si\/wp-content\/uploads\/2025\/11\/WTKU9.jpg 1431w\" sizes=\"(max-width: 1024px) 100vw, 1024px\" \/><\/figure><\/div>\n\n\n<p><\/p>\n\n\n\n<figure class=\"wp-block-gallery has-nested-images columns-default is-cropped wp-block-gallery-1 is-layout-flex wp-block-gallery-is-layout-flex\"><\/figure>\n\n\n<div class=\"wp-block-image\">\n<figure class=\"aligncenter size-large\"><img loading=\"lazy\" decoding=\"async\" width=\"1024\" height=\"576\" src=\"https:\/\/fudokan.si\/wp-content\/uploads\/2025\/11\/k-1024x576.jpg\" alt=\"\" class=\"wp-image-2442\" srcset=\"http:\/\/fudokan.si\/wp-content\/uploads\/2025\/11\/k-1024x576.jpg 1024w, http:\/\/fudokan.si\/wp-content\/uploads\/2025\/11\/k-300x169.jpg 300w, http:\/\/fudokan.si\/wp-content\/uploads\/2025\/11\/k-768x432.jpg 768w, http:\/\/fudokan.si\/wp-content\/uploads\/2025\/11\/k-1536x864.jpg 1536w, http:\/\/fudokan.si\/wp-content\/uploads\/2025\/11\/k-1140x641.jpg 1140w, http:\/\/fudokan.si\/wp-content\/uploads\/2025\/11\/k.jpg 2048w\" sizes=\"(max-width: 1024px) 100vw, 1024px\" \/><\/figure><\/div>\n\n\n<p><\/p>\n\n\n<div class=\"wp-block-image\">\n<figure class=\"aligncenter size-large\"><img loading=\"lazy\" decoding=\"async\" width=\"1024\" height=\"768\" src=\"https:\/\/fudokan.si\/wp-content\/uploads\/2025\/11\/k5-1024x768.jpg\" alt=\"\" class=\"wp-image-2443\" srcset=\"http:\/\/fudokan.si\/wp-content\/uploads\/2025\/11\/k5-1024x768.jpg 1024w, http:\/\/fudokan.si\/wp-content\/uploads\/2025\/11\/k5-300x225.jpg 300w, http:\/\/fudokan.si\/wp-content\/uploads\/2025\/11\/k5-768x576.jpg 768w, http:\/\/fudokan.si\/wp-content\/uploads\/2025\/11\/k5-1536x1152.jpg 1536w, http:\/\/fudokan.si\/wp-content\/uploads\/2025\/11\/k5-1140x855.jpg 1140w, http:\/\/fudokan.si\/wp-content\/uploads\/2025\/11\/k5.jpg 1600w\" sizes=\"(max-width: 1024px) 100vw, 1024px\" \/><\/figure><\/div>\n\n\n<p><\/p>\n\n\n<div class=\"wp-block-image\">\n<figure class=\"aligncenter size-large\"><img loading=\"lazy\" decoding=\"async\" width=\"1024\" height=\"768\" src=\"https:\/\/fudokan.si\/wp-content\/uploads\/2025\/11\/ii-1024x768.jpg\" alt=\"\" class=\"wp-image-2444\" srcset=\"http:\/\/fudokan.si\/wp-content\/uploads\/2025\/11\/ii-1024x768.jpg 1024w, http:\/\/fudokan.si\/wp-content\/uploads\/2025\/11\/ii-300x225.jpg 300w, http:\/\/fudokan.si\/wp-content\/uploads\/2025\/11\/ii-768x576.jpg 768w, http:\/\/fudokan.si\/wp-content\/uploads\/2025\/11\/ii-1536x1152.jpg 1536w, http:\/\/fudokan.si\/wp-content\/uploads\/2025\/11\/ii-1140x855.jpg 1140w, http:\/\/fudokan.si\/wp-content\/uploads\/2025\/11\/ii.jpg 1600w\" sizes=\"(max-width: 1024px) 100vw, 1024px\" \/><\/figure><\/div>\n\n\n<p><\/p>\n\n\n\n<figure class=\"wp-block-image size-large\"><img loading=\"lazy\" decoding=\"async\" width=\"1024\" height=\"577\" src=\"https:\/\/fudokan.si\/wp-content\/uploads\/2025\/11\/k8-1024x577.jpg\" alt=\"\" class=\"wp-image-2445\" srcset=\"http:\/\/fudokan.si\/wp-content\/uploads\/2025\/11\/k8-1024x577.jpg 1024w, http:\/\/fudokan.si\/wp-content\/uploads\/2025\/11\/k8-300x169.jpg 300w, http:\/\/fudokan.si\/wp-content\/uploads\/2025\/11\/k8-768x432.jpg 768w, http:\/\/fudokan.si\/wp-content\/uploads\/2025\/11\/k8-1536x865.jpg 1536w, http:\/\/fudokan.si\/wp-content\/uploads\/2025\/11\/k8-1140x642.jpg 1140w, http:\/\/fudokan.si\/wp-content\/uploads\/2025\/11\/k8.jpg 1600w\" sizes=\"(max-width: 1024px) 100vw, 1024px\" \/><\/figure>\n\n\n\n<p><\/p>\n\n\n\n<figure class=\"wp-block-image size-large\"><img loading=\"lazy\" decoding=\"async\" width=\"1024\" height=\"577\" src=\"https:\/\/fudokan.si\/wp-content\/uploads\/2025\/11\/k99-1024x577.jpg\" alt=\"\" class=\"wp-image-2446\" srcset=\"http:\/\/fudokan.si\/wp-content\/uploads\/2025\/11\/k99-1024x577.jpg 1024w, http:\/\/fudokan.si\/wp-content\/uploads\/2025\/11\/k99-300x169.jpg 300w, http:\/\/fudokan.si\/wp-content\/uploads\/2025\/11\/k99-768x432.jpg 768w, http:\/\/fudokan.si\/wp-content\/uploads\/2025\/11\/k99-1536x865.jpg 1536w, http:\/\/fudokan.si\/wp-content\/uploads\/2025\/11\/k99-1140x642.jpg 1140w, http:\/\/fudokan.si\/wp-content\/uploads\/2025\/11\/k99.jpg 1600w\" sizes=\"(max-width: 1024px) 100vw, 1024px\" \/><\/figure>\n\n\n\n<p><\/p>\n\n\n\n<figure class=\"wp-block-image size-large\"><img loading=\"lazy\" decoding=\"async\" width=\"1024\" height=\"576\" src=\"https:\/\/fudokan.si\/wp-content\/uploads\/2025\/11\/WTKU4-1024x576.jpg\" alt=\"\" class=\"wp-image-2448\" srcset=\"http:\/\/fudokan.si\/wp-content\/uploads\/2025\/11\/WTKU4-1024x576.jpg 1024w, http:\/\/fudokan.si\/wp-content\/uploads\/2025\/11\/WTKU4-300x169.jpg 300w, http:\/\/fudokan.si\/wp-content\/uploads\/2025\/11\/WTKU4-768x432.jpg 768w, http:\/\/fudokan.si\/wp-content\/uploads\/2025\/11\/WTKU4-1536x864.jpg 1536w, http:\/\/fudokan.si\/wp-content\/uploads\/2025\/11\/WTKU4-1140x641.jpg 1140w, http:\/\/fudokan.si\/wp-content\/uploads\/2025\/11\/WTKU4.jpg 2048w\" sizes=\"(max-width: 1024px) 100vw, 1024px\" \/><\/figure>\n\n\n\n<p><\/p>\n\n\n<div class=\"wp-block-image\">\n<figure class=\"aligncenter size-large\"><img loading=\"lazy\" decoding=\"async\" width=\"768\" height=\"1024\" src=\"https:\/\/fudokan.si\/wp-content\/uploads\/2025\/11\/WTKU5-768x1024.jpg\" alt=\"\" class=\"wp-image-2449\" srcset=\"http:\/\/fudokan.si\/wp-content\/uploads\/2025\/11\/WTKU5-768x1024.jpg 768w, http:\/\/fudokan.si\/wp-content\/uploads\/2025\/11\/WTKU5-225x300.jpg 225w, http:\/\/fudokan.si\/wp-content\/uploads\/2025\/11\/WTKU5-1152x1536.jpg 1152w, http:\/\/fudokan.si\/wp-content\/uploads\/2025\/11\/WTKU5-1140x1520.jpg 1140w, http:\/\/fudokan.si\/wp-content\/uploads\/2025\/11\/WTKU5.jpg 1536w\" sizes=\"(max-width: 768px) 100vw, 768px\" \/><\/figure><\/div>","protected":false},"excerpt":{"rendered":"<p>Fudokan Slovenija je od 10. 10. 2025 &#8211; 12. 10. 2025 nastopila na Evropskem prvenstvu European Traditional Karate &#8211; Do Cup Slovenija &#8211; Terme Olimia (Pod\u010detrtek) 2025. \u010cestitke vsem nastopajo\u010dim za rezultate. Kot selektorka te male ekipe lahko s ponosom povem, da se domov vra\u010damo kar z 19 kolajnami, od tega kar 5 naslovov EVROPSKIH [&hellip;]<\/p>\n","protected":false},"author":2,"featured_media":2419,"parent":20,"menu_order":0,"comment_status":"closed","ping_status":"closed","template":"","meta":{"footnotes":""},"_links":{"self":[{"href":"http:\/\/fudokan.si\/index.php?rest_route=\/wp\/v2\/pages\/47"}],"collection":[{"href":"http:\/\/fudokan.si\/index.php?rest_route=\/wp\/v2\/pages"}],"about":[{"href":"http:\/\/fudokan.si\/index.php?rest_route=\/wp\/v2\/types\/page"}],"author":[{"embeddable":true,"href":"http:\/\/fudokan.si\/index.php?rest_route=\/wp\/v2\/users\/2"}],"replies":[{"embeddable":true,"href":"http:\/\/fudokan.si\/index.php?rest_route=%2Fwp%2Fv2%2Fcomments&post=47"}],"version-history":[{"count":19,"href":"http:\/\/fudokan.si\/index.php?rest_route=\/wp\/v2\/pages\/47\/revisions"}],"predecessor-version":[{"id":2450,"href":"http:\/\/fudokan.si\/index.php?rest_route=\/wp\/v2\/pages\/47\/revisions\/2450"}],"up":[{"embeddable":true,"href":"http:\/\/fudokan.si\/index.php?rest_route=\/wp\/v2\/pages\/20"}],"wp:featuredmedia":[{"embeddable":true,"href":"http:\/\/fudokan.si\/index.php?rest_route=\/wp\/v2\/media\/2419"}],"wp:attachment":[{"href":"http:\/\/fudokan.si\/index.php?rest_route=%2Fwp%2Fv2%2Fmedia&parent=47"}],"curies":[{"name":"wp","href":"https:\/\/api.w.org\/{rel}","templated":true}]}}